{"id":34,"date":"2025-01-27T17:04:24","date_gmt":"2025-01-27T16:04:24","guid":{"rendered":"https:\/\/www.ozfiloe.com\/?page_id=34"},"modified":"2025-02-22T19:09:20","modified_gmt":"2025-02-22T18:09:20","slug":"uvod","status":"publish","type":"page","link":"https:\/\/www.ozfiloe.com\/?page_id=34","title":{"rendered":"O n\u00e1s"},"content":{"rendered":"\n<p>Na na\u0161ej str\u00e1nke n\u00e1jdete ve\u013ea zauj\u00edmav\u00fdch n\u00e1padov, podobne ako na na\u0161om Facebooku.<\/p>\n\n\n\n<p>V pr\u00edpade z\u00e1ujmu o spolupr\u00e1cu n\u00e1s nev\u00e1hajte kontaktova\u0165 na <a href=\"mailto:ozfiloe@gmail.com\">ozfiloe@gmail.com<\/a><\/p>\n\n\n\n<p>FILOE bolo zaregistrovan\u00e9 ako ob\u010dianske zdru\u017eenie &#8211; neziskov\u00e1 organiz\u00e1cia, odborn\u00edkmi na filozofiu, etiku, pedagogiku. Cie\u013eom bolo vytvori\u0165 organiz\u00e1ciu, ktor\u00e1 bude podporova\u0165 filozofick\u00e9, etick\u00e9, logick\u00e9, kritick\u00e9 myslenie a zdrav\u00fd \u017eivotn\u00fd \u0161t\u00fdl pre \u013eud\u00ed r\u00f4znych vekov\u00fdch skup\u00edn.&nbsp;<\/p>\n\n\n\n<p>FILOE &#8211; n\u00e1zov ob\u010dianskeho zdru\u017eenia vych\u00e1dza zo slov &#8211; filozofia, logika, etika<\/p>\n\n\n\n<p>FILOE organizuje podujatia online a prezen\u010dne, vytv\u00e1ra vzdel\u00e1vacie materi\u00e1ly podporuj\u00face rozm\u00fd\u0161\u013eanie a kreativitu<\/p>\n\n\n\n<p>FILOE sa orientuje na viacer\u00e9 oblasti vzdel\u00e1vania a vedecko-v\u00fdskumn\u00fa \u010dinnos\u0165.<\/p>\n\n\n\n<p>FILOE spolupracuje s partnermi doma a v zahrani\u010d\u00ed<\/p>\n\n\n\n<p>FILOE vedie Barbora Ba\u010furov\u00e1, PhD., ktor\u00e1 je odborn\u00ed\u010dkou na filozofiu, etiku, vzdel\u00e1vanie, autorkou mnoh\u00fdch odborn\u00fdch publik\u00e1ci\u00ed a s dlhoro\u010dnou praxou na univerzite (katedry filozofie, etickej a ob\u010dianskej v\u00fdchovy, pedagogiky a andragogiky), ale aj vzdel\u00e1van\u00edm det\u00ed a dospel\u00fdch v r\u00f4znych oblastiach.<\/p>\n\n\n\n<p><\/p>\n","protected":false},"excerpt":{"rendered":"<p>Na na\u0161ej str\u00e1nke n\u00e1jdete ve\u013ea zauj\u00edmav\u00fdch n\u00e1padov, podobne ako na na\u0161om Facebooku. V pr\u00edpade z\u00e1ujmu o spolupr\u00e1cu n\u00e1s nev\u00e1hajte kontaktova\u0165 na ozfiloe@gmail.com FILOE bolo zaregistrovan\u00e9 ako ob\u010dianske zdru\u017eenie &#8211; neziskov\u00e1 organiz\u00e1cia, odborn\u00edkmi na filozofiu,&#46;&#46;&#46;<\/p>\n","protected":false},"author":1,"featured_media":0,"parent":0,"menu_order":0,"comment_status":"closed","ping_status":"closed","template":"","meta":{"_monsterinsights_skip_tracking":false,"_monsterinsights_sitenote_active":false,"_monsterinsights_sitenote_note":"","_monsterinsights_sitenote_category":0,"footnotes":""},"class_list":["post-34","page","type-page","status-publish","hentry"],"yoast_head":"<!-- This site is optimized with the Yoast SEO plugin v24.3 - https:\/\/yoast.com\/wordpress\/plugins\/seo\/ -->\n<title>O n\u00e1s - FILOE<\/title>\n<meta name=\"robots\" content=\"index, follow, max-snippet:-1, max-image-preview:large, max-video-preview:-1\" \/>\n<link rel=\"canonical\" href=\"https:\/\/www.ozfiloe.com\/?page_id=34\" \/>\n<meta property=\"og:locale\" content=\"sk_SK\" \/>\n<meta property=\"og:type\" content=\"article\" \/>\n<meta property=\"og:title\" content=\"O n\u00e1s - FILOE\" \/>\n<meta property=\"og:description\" content=\"Na na\u0161ej str\u00e1nke n\u00e1jdete ve\u013ea zauj\u00edmav\u00fdch n\u00e1padov, podobne ako na na\u0161om Facebooku. V pr\u00edpade z\u00e1ujmu o spolupr\u00e1cu n\u00e1s nev\u00e1hajte kontaktova\u0165 na ozfiloe@gmail.com FILOE bolo zaregistrovan\u00e9 ako ob\u010dianske zdru\u017eenie &#8211; neziskov\u00e1 organiz\u00e1cia, odborn\u00edkmi na filozofiu,&#046;&#046;&#046;\" \/>\n<meta property=\"og:url\" content=\"https:\/\/www.ozfiloe.com\/?page_id=34\" \/>\n<meta property=\"og:site_name\" content=\"FILOE\" \/>\n<meta property=\"article:modified_time\" content=\"2025-02-22T18:09:20+00:00\" \/>\n<meta name=\"twitter:card\" content=\"summary_large_image\" \/>\n<meta name=\"twitter:label1\" content=\"Predpokladan\u00fd \u010das \u010d\u00edtania\" \/>\n\t<meta name=\"twitter:data1\" content=\"1 min\u00fata\" \/>\n<script type=\"application\/ld+json\" class=\"yoast-schema-graph\">{\"@context\":\"https:\/\/schema.org\",\"@graph\":[{\"@type\":\"WebPage\",\"@id\":\"https:\/\/www.ozfiloe.com\/?page_id=34\",\"url\":\"https:\/\/www.ozfiloe.com\/?page_id=34\",\"name\":\"O n\u00e1s - FILOE\",\"isPartOf\":{\"@id\":\"https:\/\/www.ozfiloe.com\/#website\"},\"datePublished\":\"2025-01-27T16:04:24+00:00\",\"dateModified\":\"2025-02-22T18:09:20+00:00\",\"breadcrumb\":{\"@id\":\"https:\/\/www.ozfiloe.com\/?page_id=34#breadcrumb\"},\"inLanguage\":\"sk-SK\",\"potentialAction\":[{\"@type\":\"ReadAction\",\"target\":[\"https:\/\/www.ozfiloe.com\/?page_id=34\"]}]},{\"@type\":\"BreadcrumbList\",\"@id\":\"https:\/\/www.ozfiloe.com\/?page_id=34#breadcrumb\",\"itemListElement\":[{\"@type\":\"ListItem\",\"position\":1,\"name\":\"Home\",\"item\":\"https:\/\/www.ozfiloe.com\/\"},{\"@type\":\"ListItem\",\"position\":2,\"name\":\"O n\u00e1s\"}]},{\"@type\":\"WebSite\",\"@id\":\"https:\/\/www.ozfiloe.com\/#website\",\"url\":\"https:\/\/www.ozfiloe.com\/\",\"name\":\"FILOE\",\"description\":\"\",\"publisher\":{\"@id\":\"https:\/\/www.ozfiloe.com\/#organization\"},\"potentialAction\":[{\"@type\":\"SearchAction\",\"target\":{\"@type\":\"EntryPoint\",\"urlTemplate\":\"https:\/\/www.ozfiloe.com\/?s={search_term_string}\"},\"query-input\":{\"@type\":\"PropertyValueSpecification\",\"valueRequired\":true,\"valueName\":\"search_term_string\"}}],\"inLanguage\":\"sk-SK\"},{\"@type\":\"Organization\",\"@id\":\"https:\/\/www.ozfiloe.com\/#organization\",\"name\":\"FILOE\",\"url\":\"https:\/\/www.ozfiloe.com\/\",\"logo\":{\"@type\":\"ImageObject\",\"inLanguage\":\"sk-SK\",\"@id\":\"https:\/\/www.ozfiloe.com\/#\/schema\/logo\/image\/\",\"url\":\"https:\/\/www.ozfiloe.com\/wp-content\/uploads\/2025\/01\/cropped-filoe-logo-full.png\",\"contentUrl\":\"https:\/\/www.ozfiloe.com\/wp-content\/uploads\/2025\/01\/cropped-filoe-logo-full.png\",\"width\":943,\"height\":377,\"caption\":\"FILOE\"},\"image\":{\"@id\":\"https:\/\/www.ozfiloe.com\/#\/schema\/logo\/image\/\"}}]}<\/script>\n<!-- \/ Yoast SEO plugin. -->","yoast_head_json":{"title":"O n\u00e1s - FILOE","robots":{"index":"index","follow":"follow","max-snippet":"max-snippet:-1","max-image-preview":"max-image-preview:large","max-video-preview":"max-video-preview:-1"},"canonical":"https:\/\/www.ozfiloe.com\/?page_id=34","og_locale":"sk_SK","og_type":"article","og_title":"O n\u00e1s - FILOE","og_description":"Na na\u0161ej str\u00e1nke n\u00e1jdete ve\u013ea zauj\u00edmav\u00fdch n\u00e1padov, podobne ako na na\u0161om Facebooku. V pr\u00edpade z\u00e1ujmu o spolupr\u00e1cu n\u00e1s nev\u00e1hajte kontaktova\u0165 na ozfiloe@gmail.com FILOE bolo zaregistrovan\u00e9 ako ob\u010dianske zdru\u017eenie &#8211; neziskov\u00e1 organiz\u00e1cia, odborn\u00edkmi na filozofiu,&#46;&#46;&#46;","og_url":"https:\/\/www.ozfiloe.com\/?page_id=34","og_site_name":"FILOE","article_modified_time":"2025-02-22T18:09:20+00:00","twitter_card":"summary_large_image","twitter_misc":{"Predpokladan\u00fd \u010das \u010d\u00edtania":"1 min\u00fata"},"schema":{"@context":"https:\/\/schema.org","@graph":[{"@type":"WebPage","@id":"https:\/\/www.ozfiloe.com\/?page_id=34","url":"https:\/\/www.ozfiloe.com\/?page_id=34","name":"O n\u00e1s - FILOE","isPartOf":{"@id":"https:\/\/www.ozfiloe.com\/#website"},"datePublished":"2025-01-27T16:04:24+00:00","dateModified":"2025-02-22T18:09:20+00:00","breadcrumb":{"@id":"https:\/\/www.ozfiloe.com\/?page_id=34#breadcrumb"},"inLanguage":"sk-SK","potentialAction":[{"@type":"ReadAction","target":["https:\/\/www.ozfiloe.com\/?page_id=34"]}]},{"@type":"BreadcrumbList","@id":"https:\/\/www.ozfiloe.com\/?page_id=34#breadcrumb","itemListElement":[{"@type":"ListItem","position":1,"name":"Home","item":"https:\/\/www.ozfiloe.com\/"},{"@type":"ListItem","position":2,"name":"O n\u00e1s"}]},{"@type":"WebSite","@id":"https:\/\/www.ozfiloe.com\/#website","url":"https:\/\/www.ozfiloe.com\/","name":"FILOE","description":"","publisher":{"@id":"https:\/\/www.ozfiloe.com\/#organization"},"potentialAction":[{"@type":"SearchAction","target":{"@type":"EntryPoint","urlTemplate":"https:\/\/www.ozfiloe.com\/?s={search_term_string}"},"query-input":{"@type":"PropertyValueSpecification","valueRequired":true,"valueName":"search_term_string"}}],"inLanguage":"sk-SK"},{"@type":"Organization","@id":"https:\/\/www.ozfiloe.com\/#organization","name":"FILOE","url":"https:\/\/www.ozfiloe.com\/","logo":{"@type":"ImageObject","inLanguage":"sk-SK","@id":"https:\/\/www.ozfiloe.com\/#\/schema\/logo\/image\/","url":"https:\/\/www.ozfiloe.com\/wp-content\/uploads\/2025\/01\/cropped-filoe-logo-full.png","contentUrl":"https:\/\/www.ozfiloe.com\/wp-content\/uploads\/2025\/01\/cropped-filoe-logo-full.png","width":943,"height":377,"caption":"FILOE"},"image":{"@id":"https:\/\/www.ozfiloe.com\/#\/schema\/logo\/image\/"}}]}},"_links":{"self":[{"href":"https:\/\/www.ozfiloe.com\/index.php?rest_route=\/wp\/v2\/pages\/34","targetHints":{"allow":["GET"]}}],"collection":[{"href":"https:\/\/www.ozfiloe.com\/index.php?rest_route=\/wp\/v2\/pages"}],"about":[{"href":"https:\/\/www.ozfiloe.com\/index.php?rest_route=\/wp\/v2\/types\/page"}],"author":[{"embeddable":true,"href":"https:\/\/www.ozfiloe.com\/index.php?rest_route=\/wp\/v2\/users\/1"}],"replies":[{"embeddable":true,"href":"https:\/\/www.ozfiloe.com\/index.php?rest_route=%2Fwp%2Fv2%2Fcomments&post=34"}],"version-history":[{"count":7,"href":"https:\/\/www.ozfiloe.com\/index.php?rest_route=\/wp\/v2\/pages\/34\/revisions"}],"predecessor-version":[{"id":211,"href":"https:\/\/www.ozfiloe.com\/index.php?rest_route=\/wp\/v2\/pages\/34\/revisions\/211"}],"wp:attachment":[{"href":"https:\/\/www.ozfiloe.com\/index.php?rest_route=%2Fwp%2Fv2%2Fmedia&parent=34"}],"curies":[{"name":"wp","href":"https:\/\/api.w.org\/{rel}","templated":true}]}}